{"id":78,"date":"2017-12-12T11:24:21","date_gmt":"2017-12-12T15:24:21","guid":{"rendered":"http:\/\/ayuntamiento.guineo\/transparencia\/?page_id=78"},"modified":"2019-09-04T22:40:19","modified_gmt":"2019-09-05T02:40:19","slug":"definicion-oaim-oficina-de-acceso-a-la-informacion-municipal","status":"publish","type":"page","link":"https:\/\/ayuntamientopalenque.gob.do\/transparencia\/definicion-oaim-oficina-de-acceso-a-la-informacion-municipal\/","title":{"rendered":"Definici\u00f3n OAIM (Oficina de Acceso a la Informaci\u00f3n Municipal)"},"content":{"rendered":"<p>En este portal interactivo hacemos disponible todo lo requerido en la Ley General de Libre Acceso a la Informaci\u00f3n P\u00fablica Ley 200-04 y el Decreto No. 130-05 que crea el reglamento de la ley.<\/p>\n<p><strong>Art\u00edculo 5.-<\/strong>\u00a0\u201cSe dispone la informatizaci\u00f3n y la incorporaci\u00f3n al sistema de comunicaci\u00f3n por Internet, o a cualquier otro sistema similar que en el futuro se establezca, de todos los organismos p\u00fablicos centralizados y descentralizados del Estado, incluyendo el Distrito Nacional y los Municipios, con la finalidad de garantizar a trav\u00e9s de \u00e9ste un acceso directo del p\u00fablico a la informaci\u00f3n del Estado.\u201d<\/p>\n","protected":false},"excerpt":{"rendered":"En este portal interactivo hacemos disponible todo lo requerido en la Ley General de Libre Acceso a la Informaci\u00f3n P\u00fablica Ley 200-04 y el Decreto No. 130-05 que crea el reglamento de la ley. Art\u00edculo 5.-\u00a0\u201cSe dispone la informatizaci\u00f3n y la incorporaci\u00f3n al sistema de comunicaci\u00f3n por Internet, o a cualquier otro sistema similar que&#8230;","protected":false},"author":3,"featured_media":0,"parent":0,"menu_order":0,"comment_status":"closed","ping_status":"closed","template":"","meta":[],"acf":[],"_links":{"self":[{"href":"https:\/\/ayuntamientopalenque.gob.do\/transparencia\/wp-json\/wp\/v2\/pages\/78"}],"collection":[{"href":"https:\/\/ayuntamientopalenque.gob.do\/transparencia\/wp-json\/wp\/v2\/pages"}],"about":[{"href":"https:\/\/ayuntamientopalenque.gob.do\/transparencia\/wp-json\/wp\/v2\/types\/page"}],"author":[{"embeddable":true,"href":"https:\/\/ayuntamientopalenque.gob.do\/transparencia\/wp-json\/wp\/v2\/users\/3"}],"replies":[{"embeddable":true,"href":"https:\/\/ayuntamientopalenque.gob.do\/transparencia\/wp-json\/wp\/v2\/comments?post=78"}],"version-history":[{"count":4,"href":"https:\/\/ayuntamientopalenque.gob.do\/transparencia\/wp-json\/wp\/v2\/pages\/78\/revisions"}],"predecessor-version":[{"id":378,"href":"https:\/\/ayuntamientopalenque.gob.do\/transparencia\/wp-json\/wp\/v2\/pages\/78\/revisions\/378"}],"wp:attachment":[{"href":"https:\/\/ayuntamientopalenque.gob.do\/transparencia\/wp-json\/wp\/v2\/media?parent=78"}],"curies":[{"name":"wp","href":"https:\/\/api.w.org\/{rel}","templated":true}]}}