{"id":258,"date":"2024-07-02T10:17:40","date_gmt":"2024-07-02T14:17:40","guid":{"rendered":"http:\/\/ayuntamiento.o\/transparencia\/?page_id=258"},"modified":"2025-03-18T13:56:57","modified_gmt":"2025-03-18T17:56:57","slug":"responsable-de-acceso-a-la-informacion","status":"publish","type":"page","link":"https:\/\/ayuntamientopalenque.gob.do\/transparencia\/responsable-de-acceso-a-la-informacion\/","title":{"rendered":"Responsable de Acceso a la Informaci\u00f3n"},"content":{"rendered":"\n<p>ESTHEFANY MARIA BAEZ  <\/p>\n\n\n\n<p>Direcci\u00f3n: C\/ Mauricio B\u00e1ez entre Duarte y Aniceto Mart\u00ednez,&nbsp;<em>Sabana Grande de Palenque<\/em>, Rep. Dom.<\/p>\n\n\n\n<p>Tel\u00e9fono: 829-661-2401<\/p>\n\n\n\n<p>E-mail: esthefanymariabaez@gmail.com<\/p>\n\n\n\n\n\n<figure class=\"wp-block-image size-large\"><img loading=\"lazy\" width=\"700\" height=\"707\" src=\"https:\/\/ayuntamientopalenque.gob.do\/transparencia\/wp-content\/uploads\/2025\/03\/588A3969-BB73-4AF7-A33A-052C5606C5BF-1-700x707.jpg\" alt=\"\" class=\"wp-image-1024\" srcset=\"https:\/\/ayuntamientopalenque.gob.do\/transparencia\/wp-content\/uploads\/2025\/03\/588A3969-BB73-4AF7-A33A-052C5606C5BF-1-700x707.jpg 700w, https:\/\/ayuntamientopalenque.gob.do\/transparencia\/wp-content\/uploads\/2025\/03\/588A3969-BB73-4AF7-A33A-052C5606C5BF-1-250x253.jpg 250w, https:\/\/ayuntamientopalenque.gob.do\/transparencia\/wp-content\/uploads\/2025\/03\/588A3969-BB73-4AF7-A33A-052C5606C5BF-1-768x776.jpg 768w, https:\/\/ayuntamientopalenque.gob.do\/transparencia\/wp-content\/uploads\/2025\/03\/588A3969-BB73-4AF7-A33A-052C5606C5BF-1-120x121.jpg 120w, https:\/\/ayuntamientopalenque.gob.do\/transparencia\/wp-content\/uploads\/2025\/03\/588A3969-BB73-4AF7-A33A-052C5606C5BF-1.jpg 1124w\" sizes=\"(max-width: 700px) 100vw, 700px\" \/><\/figure>\n","protected":false},"excerpt":{"rendered":"ESTHEFANY MARIA BAEZ Direcci\u00f3n: C\/ Mauricio B\u00e1ez entre Duarte y Aniceto Mart\u00ednez,&nbsp;Sabana Grande de Palenque, Rep. Dom. Tel\u00e9fono: 829-661-2401 E-mail: esthefanymariabaez@gmail.com","protected":false},"author":3,"featured_media":0,"parent":0,"menu_order":0,"comment_status":"closed","ping_status":"closed","template":"","meta":[],"acf":[],"_links":{"self":[{"href":"https:\/\/ayuntamientopalenque.gob.do\/transparencia\/wp-json\/wp\/v2\/pages\/258"}],"collection":[{"href":"https:\/\/ayuntamientopalenque.gob.do\/transparencia\/wp-json\/wp\/v2\/pages"}],"about":[{"href":"https:\/\/ayuntamientopalenque.gob.do\/transparencia\/wp-json\/wp\/v2\/types\/page"}],"author":[{"embeddable":true,"href":"https:\/\/ayuntamientopalenque.gob.do\/transparencia\/wp-json\/wp\/v2\/users\/3"}],"replies":[{"embeddable":true,"href":"https:\/\/ayuntamientopalenque.gob.do\/transparencia\/wp-json\/wp\/v2\/comments?post=258"}],"version-history":[{"count":7,"href":"https:\/\/ayuntamientopalenque.gob.do\/transparencia\/wp-json\/wp\/v2\/pages\/258\/revisions"}],"predecessor-version":[{"id":1025,"href":"https:\/\/ayuntamientopalenque.gob.do\/transparencia\/wp-json\/wp\/v2\/pages\/258\/revisions\/1025"}],"wp:attachment":[{"href":"https:\/\/ayuntamientopalenque.gob.do\/transparencia\/wp-json\/wp\/v2\/media?parent=258"}],"curies":[{"name":"wp","href":"https:\/\/api.w.org\/{rel}","templated":true}]}}